{"id":1471,"date":"2023-12-05T08:47:32","date_gmt":"2023-12-05T08:47:32","guid":{"rendered":"https:\/\/2.musictravels.pl\/?page_id=1471"},"modified":"2023-12-25T13:08:19","modified_gmt":"2023-12-25T13:08:19","slug":"ornamental-farm-bukowiec","status":"publish","type":"page","link":"https:\/\/2.musictravels.pl\/cs\/okrasne-zemedelske-buky\/","title":{"rendered":"Okrasn\u00e1 farma Bukowiec"},"content":{"rendered":"<div data-elementor-type=\"wp-page\" data-elementor-id=\"1471\" class=\"elementor elementor-1471\">\n\t\t\t\t\t\t<div class=\"elementor-inner\">\n\t\t\t\t<div class=\"elementor-section-wrap\">\n\t\t\t\t\t\t\t\t\t<section class=\"elementor-section elementor-top-section elementor-element elementor-element-027b947 elementor-section-full_width elementor-section-height-default elementor-section-height-default row-top\" data-id=\"027b947\" data-element_type=\"section\">\n\t\t\t\t\t\t<div class=\"elementor-container elementor-column-gap-default\">\n\t\t\t\t\t\t\t<div class=\"elementor-row\">\n\t\t\t\t\t<div class=\"elementor-column elementor-col-100 elementor-top-column elementor-element elementor-element-d0bf791\" data-id=\"d0bf791\" data-element_type=\"column\">\n\t\t\t<div class=\"elementor-column-wrap elementor-element-populated\">\n\t\t\t\t\t\t\t<div class=\"elementor-widget-wrap\">\n\t\t\t\t\t\t<section class=\"elementor-section elementor-inner-section elementor-element elementor-element-01bc3a9 elementor-section-boxed elementor-section-height-default elementor-section-height-default row-top\" data-id=\"01bc3a9\" data-element_type=\"section\">\n\t\t\t\t\t\t<div class=\"elementor-container elementor-column-gap-default\">\n\t\t\t\t\t\t\t<div class=\"elementor-row\">\n\t\t\t\t\t<div class=\"elementor-column elementor-col-100 elementor-inner-column elementor-element elementor-element-639c088\" data-id=\"639c088\" data-element_type=\"column\">\n\t\t\t<div class=\"elementor-column-wrap elementor-element-populated\">\n\t\t\t\t\t\t\t<div class=\"elementor-widget-wrap\">\n\t\t\t\t\t\t<div class=\"elementor-element elementor-element-7938ee5 elementor-widget elementor-widget-gva-heading-block\" data-id=\"7938ee5\" data-element_type=\"widget\" data-widget_type=\"gva-heading-block.default\">\n\t\t\t\t<div class=\"elementor-widget-container\">\n\t\t\t<div class=\"gva-element-gva-heading-block gva-element\">   <div class=\"align-center style-1 widget gsc-heading box-align-center auto-responsive\">\r\n      <div class=\"content-inner\">\r\n         \r\n                  \r\n                     <div class=\"sub-title\"><span>Str\u00e1nky<\/span><\/div>\r\n           \r\n         \r\n                     <h2 class=\"title\">\r\n               <span>Bukowiec. Statek a park.\n<\/span>\r\n            <\/h2>\r\n                  \r\n         \r\n      <\/div>\r\n   <\/div>\r\n<\/div>\t\t<\/div>\n\t\t\t\t<\/div>\n\t\t\t\t\t\t<\/div>\n\t\t\t\t\t<\/div>\n\t\t<\/div>\n\t\t\t\t\t\t\t\t<\/div>\n\t\t\t\t\t<\/div>\n\t\t<\/section>\n\t\t\t\t<div class=\"elementor-element elementor-element-b92a5d5 elementor-widget elementor-widget-video\" data-id=\"b92a5d5\" data-element_type=\"widget\" data-settings=\"{&quot;video_type&quot;:&quot;hosted&quot;,&quot;autoplay&quot;:&quot;yes&quot;,&quot;play_on_mobile&quot;:&quot;yes&quot;,&quot;controls&quot;:&quot;yes&quot;}\" data-widget_type=\"video.default\">\n\t\t\t\t<div class=\"elementor-widget-container\">\n\t\t\t<style>\/*! elementor - v3.16.0 - 17-10-2023 *\/\n.elementor-widget-video .elementor-widget-container{overflow:hidden;transform:translateZ(0)}.elementor-widget-video .elementor-wrapper{aspect-ratio:var(--video-aspect-ratio)}.elementor-widget-video .elementor-wrapper iframe,.elementor-widget-video .elementor-wrapper video{height:100%;width:100%;display:flex;border:none;background-color:#000}@supports not (aspect-ratio:1\/1){.elementor-widget-video .elementor-wrapper{position:relative;overflow:hidden;height:0;padding-bottom:calc(100% \/ var(--video-aspect-ratio))}.elementor-widget-video .elementor-wrapper iframe,.elementor-widget-video .elementor-wrapper video{position:absolute;top:0;right:0;bottom:0;left:0}}.elementor-widget-video .elementor-open-inline .elementor-custom-embed-image-overlay{position:absolute;top:0;right:0;bottom:0;left:0;background-size:cover;background-position:50%}.elementor-widget-video .elementor-custom-embed-image-overlay{cursor:pointer;text-align:center}.elementor-widget-video .elementor-custom-embed-image-overlay:hover .elementor-custom-embed-play i{opacity:1}.elementor-widget-video .elementor-custom-embed-image-overlay img{display:block;width:100%;aspect-ratio:var(--video-aspect-ratio);-o-object-fit:cover;object-fit:cover;-o-object-position:center center;object-position:center center}@supports not (aspect-ratio:1\/1){.elementor-widget-video .elementor-custom-embed-image-overlay{position:relative;overflow:hidden;height:0;padding-bottom:calc(100% \/ var(--video-aspect-ratio))}.elementor-widget-video .elementor-custom-embed-image-overlay img{position:absolute;top:0;right:0;bottom:0;left:0}}.elementor-widget-video .e-hosted-video .elementor-video{-o-object-fit:cover;object-fit:cover}.e-con-inner>.elementor-widget-video,.e-con>.elementor-widget-video{width:var(--container-widget-width);--flex-grow:var(--container-widget-flex-grow)}<\/style>\t\t<div class=\"e-hosted-video elementor-wrapper elementor-open-inline\">\n\t\t\t\t\t<video class=\"elementor-video\" src=\"https:\/\/2.musictravels.pl\/wp-content\/uploads\/2023\/12\/Bukowiec.mp4\" autoplay=\"\" controls=\"\" playsinline=\"\" controlslist=\"nodownload\"><\/video>\n\t\t\t\t<\/div>\n\t\t\t\t<\/div>\n\t\t\t\t<\/div>\n\t\t\t\t\t\t<\/div>\n\t\t\t\t\t<\/div>\n\t\t<\/div>\n\t\t\t\t\t\t\t\t<\/div>\n\t\t\t\t\t<\/div>\n\t\t<\/section>\n\t\t\t\t<section class=\"elementor-section elementor-top-section elementor-element elementor-element-cfe9709 elementor-section-boxed elementor-section-height-default elementor-section-height-default row-top\" data-id=\"cfe9709\" data-element_type=\"section\">\n\t\t\t\t\t\t<div class=\"elementor-container elementor-column-gap-default\">\n\t\t\t\t\t\t\t<div class=\"elementor-row\">\n\t\t\t\t\t<div class=\"elementor-column elementor-col-100 elementor-top-column elementor-element elementor-element-b600727\" data-id=\"b600727\" data-element_type=\"column\">\n\t\t\t<div class=\"elementor-column-wrap elementor-element-populated\">\n\t\t\t\t\t\t\t<div class=\"elementor-widget-wrap\">\n\t\t\t\t\t\t<div class=\"elementor-element elementor-element-3ce9dddb elementor-widget elementor-widget-gva-heading-block\" data-id=\"3ce9dddb\" data-element_type=\"widget\" data-widget_type=\"gva-heading-block.default\">\n\t\t\t\t<div class=\"elementor-widget-container\">\n\t\t\t<div class=\"gva-element-gva-heading-block gva-element\">   <div class=\"align-left style-1 widget gsc-heading box-align-center auto-responsive\">\r\n      <div class=\"content-inner\">\r\n         \r\n                  \r\n           \r\n         \r\n                     <h2 class=\"title\">\r\n               <span>Bukowiec. Statek a park.<\/span>\r\n            <\/h2>\r\n                              <div class=\"title-desc\">Jedn\u00e1 se o mimo\u0159\u00e1dn\u00e9 kulturn\u00ed a vzd\u011bl\u00e1vac\u00ed centrum, kter\u00e9 se nach\u00e1z\u00ed v historick\u00e9m z\u00e1me\u010dku v Bukovci, v malebn\u00e9m \u00fadol\u00ed na \u00fapat\u00ed Karkono\u0161, v srdci \u00dadol\u00ed pal\u00e1c\u016f a zahrad. Je zaps\u00e1no na seznamu historick\u00fdch pam\u00e1tek. Klasicistn\u00ed z\u00e1mek a pal\u00e1c obklopuje romantick\u00fd krajin\u00e1\u0159sk\u00fd park o rozloze v\u00edce ne\u017e 120 ha.<br><br> Je jedn\u00edm z prvn\u00edch a nejv\u011bt\u0161\u00edch sv\u00e9ho druhu v Polsku. Je v\u0161eobecn\u011b pova\u017eov\u00e1na za p\u0159edch\u016fdce my\u0161lenky anglick\u00fdch okrasn\u00fdch farem v t\u00e9to \u010d\u00e1sti Evropy. Jedn\u00e1 se o my\u0161lenku spojuj\u00edc\u00ed kvality p\u0159\u00edrodn\u00ed krajiny s hospod\u00e1\u0159skou funkc\u00ed pozemkov\u00e9ho majetku.<br><br> Na statku je koncertn\u00ed s\u00e1l a multimedi\u00e1ln\u00ed expozice o \u00dadol\u00ed pal\u00e1c\u016f a zahrad, kter\u00e1 p\u0159edstavuje kulturn\u00ed potenci\u00e1l regionu. P\u0159edstavuje litografie, fotografie, filmy, popisy, historick\u00e9 pl\u00e1ny, modely hrad\u016f, z\u00e1mk\u016f a pansk\u00fdch s\u00eddel a nejzaj\u00edmav\u011bj\u0161\u00ed p\u0159\u00edklady sakr\u00e1ln\u00ed a region\u00e1ln\u00ed architektury. \u010c\u00e1st v\u00fdstavy je v\u011bnov\u00e1na tv\u016frc\u016fm Ornament\u00e1ln\u00edho statku - hrab\u011bti Friedrichu von Reden a jeho man\u017eelce Fridrich\u011b.<br><br> V budov\u011b b\u00fdval\u00e9ho pivovaru je um\u00edst\u011bna multimedi\u00e1ln\u00ed interaktivn\u00ed v\u00fdstava \"Tajemn\u00fd les\", kter\u00e1 p\u0159edstavuje p\u0159\u00edrodn\u00ed hodnoty Jelenohorsk\u00e9ho \u00fadol\u00ed a loveck\u00e9 tradice t\u00e9to oblasti. V budov\u011b b\u00fdval\u00e9ho Ov\u010d\u00edna je od druh\u00e9ho \u010dtvrtlet\u00ed roku 2019 k dispozici 10 pln\u011b vybaven\u00fdch um\u011bleck\u00fdch m\u00edstnost\u00ed a ateli\u00e9r\u016f, v\u010detn\u011b mal\u00ed\u0159sk\u00e9ho, socha\u0159sk\u00e9ho, hudebn\u00edho, tane\u010dn\u00edho, fotografick\u00e9ho, po\u010d\u00edta\u010dov\u00e9ho a p\u0159\u00edrodov\u011bdn\u00e9ho. K dispozici je tak\u00e9 velk\u00e1 konferen\u010dn\u00ed a v\u00fdstavn\u00ed m\u00edstnost. V budov\u011b b\u00fdval\u00e9ho veden\u00ed jsou um\u00edst\u011bny jednopokojov\u00e9 a dvoupokojov\u00e9 byty s kuchy\u0148sk\u00fdm koutem. Jeden z nich v minulosti vyu\u017e\u00edval hrab\u011b von Reden ke spr\u00e1v\u011b panstv\u00ed.<\/div>\r\n         \r\n         \r\n      <\/div>\r\n   <\/div>\r\n<\/div>\t\t<\/div>\n\t\t\t\t<\/div>\n\t\t\t\t<div class=\"elementor-element elementor-element-d16ddd7 elementor-widget elementor-widget-gva-heading-block\" data-id=\"d16ddd7\" data-element_type=\"widget\" data-widget_type=\"gva-heading-block.default\">\n\t\t\t\t<div class=\"elementor-widget-container\">\n\t\t\t<div class=\"gva-element-gva-heading-block gva-element\">   <div class=\"align-left style-1 widget gsc-heading box-align-center auto-responsive\">\r\n      <div class=\"content-inner\">\r\n         \r\n                  \r\n           \r\n         \r\n                     <h2 class=\"title\">\r\n               <span>Historick\u00e9 pozad\u00ed zalo\u017een\u00ed parku<\/span>\r\n            <\/h2>\r\n                              <div class=\"title-desc\">Nejv\u011bt\u0161\u00ed atrakc\u00ed Bukovce je bezpochyby krajin\u00e1\u0159sk\u00fd park. Vznikl na p\u0159elomu 18. a 19. stolet\u00ed.\nna p\u0159elomu 18. a 19. stolet\u00ed hrab\u011btem Friedrichem von Reden, byl vytvo\u0159en jako prvn\u00ed romantick\u00e1 krajina ve Slezsku.\nve Slezsku. Dodnes je pova\u017eov\u00e1na za jedine\u010dn\u00e9 um\u011bleck\u00e9 d\u00edlo, kter\u00e9 v sob\u011b spojuje kvality p\u0159\u00edrodn\u00ed podhorsk\u00e9 krajiny, a to p\u0159edev\u0161\u00edm d\u00edky tomu, \u017ee se v n\u00ed nach\u00e1z\u00ed\np\u0159\u00edrodn\u00ed podhorsk\u00e9 krajiny s architekturou a p\u0159\u00edrodou.\nP\u0159\u00edrodn\u00ed krajina byla p\u0159\u00edzniv\u00e1 pro dosa\u017een\u00ed velkolep\u00e9ho krajin\u00e1\u0159sk\u00e9ho efektu: siln\u00e9ho\nodlesn\u011bn\u00ed kopcovit\u00e9ho okol\u00ed, jeho zavla\u017eov\u00e1n\u00ed, bl\u00edzk\u00fd les, drobn\u00e9 h\u00e1jky, shluky rybn\u00edk\u016f a panorama Krkono\u0161.\nRybn\u00edky a panorama Krkono\u0161. Dnes m\u00e1 park rozlohu v\u00edce ne\u017e 120 ha. Na jeho \u00fazem\u00ed\nse nach\u00e1z\u00ed 10 rybn\u00edk\u016f a \u010detn\u00e9 p\u0159\u00edrodn\u00ed skaln\u00ed \u00fatvary.\nPark je hrab\u011bc\u00ed poctou jeho man\u017eelce Fridrichce, rozen\u00e9 von Massov, pro kterou nechal vybudovat n\u00e1sleduj\u00edc\u00ed objekty\npostavit pavilon s otev\u0159en\u00fdm sloupov\u00fdm portikem, pozd\u011bji zn\u00e1m\u00fd jako Belved\u00e9r neboli chr\u00e1m sv.\nAth\u00e9ny, jako\u017e i \u0159adu dal\u0161\u00edch alegorick\u00fdch staveb obohacuj\u00edc\u00edch prostor krajiny\nkrajiny. Pat\u0159ily k nim nap\u0159: Zahradn\u00edk\u016fv d\u016fm, Tereziino s\u00eddlo, Ryb\u00e1\u0159\u016fv d\u016fm, Lu\u010dn\u00ed d\u016fm.\nLu\u010dn\u00ed d\u016fm, Modr\u00fd d\u016fm, vyhl\u00eddkov\u00e1 v\u011b\u017e, um\u011bl\u00e9 ruiny amfite\u00e1tru a kone\u010dn\u011b postaven\u00fd pro\nOpatstv\u00ed postaven\u00e9 pro rodinn\u00e9 mauzoleum. Autorem n\u00e1vrhu parku byl hrab\u011b von Reden, jemu\u017e p\u0159i projek\u010dn\u00edch prac\u00edch pom\u00e1hal Hans Carl Walther, zn\u00e1m\u00fd zahradn\u00ed architekt t\u00e9 doby, po n\u011bm\u017e se v roce 1928 zrodil jeden z nejzn\u00e1m\u011bj\u0161\u00edch zahradn\u00edch\nn\u011bm je pojmenov\u00e1na jedna z velkolep\u00fdch staveb v are\u00e1lu.\nPo smrti sv\u00e9ho man\u017eela p\u0159evzala Frederica v roce 1815 spr\u00e1vu panstv\u00ed a dal\u0161\u00edch 39 let \u00fasp\u011b\u0161n\u011b vedla z\u00e1mek, dohl\u00ed\u017eela na va\u0159en\u00ed piva, chov krav, ovc\u00ed a ryb a na\nv\u00fdrobu pl\u00e1tna pro arm\u00e1du. Zab\u00fdvala se tak\u00e9 p\u011bstov\u00e1n\u00edm strom\u016f a ke\u0159\u016f a\nexperimentovala s nov\u00fdmi druhy obilovin. Krom\u011b toho byla mecen\u00e1\u0161kou um\u011bn\u00ed, udr\u017eovala otev\u0159enou\nsalon a p\u0159\u00e1telila se s nejzn\u00e1m\u011bj\u0161\u00edmi osobnostmi tehdej\u0161\u00edho Pruska. V roce 1841 nechala do Karpacze p\u0159ev\u00e9zt kostel u jezera Wang, zakoupen\u00fd v ji\u017en\u00edm Norsku a p\u016fvodn\u011b ur\u010den\u00fd pro muzeum v Berl\u00edn\u011b.<\/div>\r\n         \r\n         \r\n      <\/div>\r\n   <\/div>\r\n<\/div>\t\t<\/div>\n\t\t\t\t<\/div>\n\t\t\t\t\t\t<\/div>\n\t\t\t\t\t<\/div>\n\t\t<\/div>\n\t\t\t\t\t\t\t\t<\/div>\n\t\t\t\t\t<\/div>\n\t\t<\/section>\n\t\t\t\t\t\t\t\t\t<\/div>\n\t\t\t<\/div>\n\t\t\t\t\t<\/div>","protected":false},"excerpt":{"rendered":"<p>Miejsca Bukowiec. Folwark i park. https:\/\/2.musictravels.pl\/wp-content\/uploads\/2023\/12\/Bukowiec.mp4 Bukowiec. Folwark i park. To niezwyk\u0142y os\u0301rodek kulturalno-edukacyjny, zlokalizowany w zabytkowym folwarku w Bukowcu, w malowniczej dolinie u podno\u0301z\u0307a Karkonoszy, w sercu Doliny Pa\u0142aco\u0301w i Ogrodo\u0301w. Jest obiektem wpisanym na List\u0119 Pomnik\u00f3w Historycznych. Klasycystyczny folwark i pa\u0142ac otacza romantyczny park krajobrazowy o powierzchni ponad 120 ha. To jedno z [&hellip;]<\/p>","protected":false},"author":1,"featured_media":0,"parent":0,"menu_order":0,"comment_status":"closed","ping_status":"closed","template":"","meta":{"_monsterinsights_skip_tracking":false,"_monsterinsights_sitenote_active":false,"_monsterinsights_sitenote_note":"","_monsterinsights_sitenote_category":0,"footnotes":""},"class_list":["post-1471","page","type-page","status-publish","hentry"],"yoast_head":"<!-- This site is optimized with the Yoast SEO plugin v21.4 - https:\/\/yoast.com\/wordpress\/plugins\/seo\/ -->\n<title>Ornamental Farm Bukowiec - MusicTravels<\/title>\n<meta name=\"robots\" content=\"index, follow, max-snippet:-1, max-image-preview:large, max-video-preview:-1\" \/>\n<link rel=\"canonical\" href=\"https:\/\/2.musictravels.pl\/cs\/okrasne-zemedelske-buky\/\" \/>\n<meta property=\"og:locale\" content=\"cs_CZ\" \/>\n<meta property=\"og:type\" content=\"article\" \/>\n<meta property=\"og:title\" content=\"Ornamental Farm Bukowiec - MusicTravels\" \/>\n<meta property=\"og:description\" content=\"Miejsca Bukowiec. Folwark i park. https:\/\/2.musictravels.pl\/wp-content\/uploads\/2023\/12\/Bukowiec.mp4 Bukowiec. Folwark i park. To niezwyk\u0142y os\u0301rodek kulturalno-edukacyjny, zlokalizowany w zabytkowym folwarku w Bukowcu, w malowniczej dolinie u podno\u0301z\u0307a Karkonoszy, w sercu Doliny Pa\u0142aco\u0301w i Ogrodo\u0301w. Jest obiektem wpisanym na List\u0119 Pomnik\u00f3w Historycznych. Klasycystyczny folwark i pa\u0142ac otacza romantyczny park krajobrazowy o powierzchni ponad 120 ha. To jedno z [&hellip;]\" \/>\n<meta property=\"og:url\" content=\"https:\/\/2.musictravels.pl\/cs\/okrasne-zemedelske-buky\/\" \/>\n<meta property=\"og:site_name\" content=\"My Blog\" \/>\n<meta property=\"article:modified_time\" content=\"2023-12-25T13:08:19+00:00\" \/>\n<meta name=\"twitter:card\" content=\"summary_large_image\" \/>\n<meta name=\"twitter:label1\" content=\"Odhadovan\u00e1 doba \u010dten\u00ed\" \/>\n\t<meta name=\"twitter:data1\" content=\"3 minuty\" \/>\n<script type=\"application\/ld+json\" class=\"yoast-schema-graph\">{\"@context\":\"https:\/\/schema.org\",\"@graph\":[{\"@type\":\"WebPage\",\"@id\":\"https:\/\/2.musictravels.pl\/ornamental-farm-bukowiec\/\",\"url\":\"https:\/\/2.musictravels.pl\/ornamental-farm-bukowiec\/\",\"name\":\"Ornamental Farm Bukowiec - MusicTravels\",\"isPartOf\":{\"@id\":\"https:\/\/2.musictravels.pl\/#website\"},\"datePublished\":\"2023-12-05T08:47:32+00:00\",\"dateModified\":\"2023-12-25T13:08:19+00:00\",\"breadcrumb\":{\"@id\":\"https:\/\/2.musictravels.pl\/ornamental-farm-bukowiec\/#breadcrumb\"},\"inLanguage\":\"cs\",\"potentialAction\":[{\"@type\":\"ReadAction\",\"target\":[\"https:\/\/2.musictravels.pl\/ornamental-farm-bukowiec\/\"]}]},{\"@type\":\"BreadcrumbList\",\"@id\":\"https:\/\/2.musictravels.pl\/ornamental-farm-bukowiec\/#breadcrumb\",\"itemListElement\":[{\"@type\":\"ListItem\",\"position\":1,\"name\":\"Strona g\u0142\u00f3wna\",\"item\":\"https:\/\/2.musictravels.pl\/\"},{\"@type\":\"ListItem\",\"position\":2,\"name\":\"Ornamental Farm Bukowiec\"}]},{\"@type\":\"WebSite\",\"@id\":\"https:\/\/2.musictravels.pl\/#website\",\"url\":\"https:\/\/2.musictravels.pl\/\",\"name\":\"My Blog\",\"description\":\"My WordPress Blog\",\"potentialAction\":[{\"@type\":\"SearchAction\",\"target\":{\"@type\":\"EntryPoint\",\"urlTemplate\":\"https:\/\/2.musictravels.pl\/?s={search_term_string}\"},\"query-input\":\"required name=search_term_string\"}],\"inLanguage\":\"cs\"}]}<\/script>\n<!-- \/ Yoast SEO plugin. -->","yoast_head_json":{"title":"Ornamental Farm Bukowiec - MusicTravels","robots":{"index":"index","follow":"follow","max-snippet":"max-snippet:-1","max-image-preview":"max-image-preview:large","max-video-preview":"max-video-preview:-1"},"canonical":"https:\/\/2.musictravels.pl\/cs\/okrasne-zemedelske-buky\/","og_locale":"cs_CZ","og_type":"article","og_title":"Ornamental Farm Bukowiec - MusicTravels","og_description":"Miejsca Bukowiec. Folwark i park. https:\/\/2.musictravels.pl\/wp-content\/uploads\/2023\/12\/Bukowiec.mp4 Bukowiec. Folwark i park. To niezwyk\u0142y os\u0301rodek kulturalno-edukacyjny, zlokalizowany w zabytkowym folwarku w Bukowcu, w malowniczej dolinie u podno\u0301z\u0307a Karkonoszy, w sercu Doliny Pa\u0142aco\u0301w i Ogrodo\u0301w. Jest obiektem wpisanym na List\u0119 Pomnik\u00f3w Historycznych. Klasycystyczny folwark i pa\u0142ac otacza romantyczny park krajobrazowy o powierzchni ponad 120 ha. To jedno z [&hellip;]","og_url":"https:\/\/2.musictravels.pl\/cs\/okrasne-zemedelske-buky\/","og_site_name":"My Blog","article_modified_time":"2023-12-25T13:08:19+00:00","twitter_card":"summary_large_image","twitter_misc":{"Odhadovan\u00e1 doba \u010dten\u00ed":"3 minuty"},"schema":{"@context":"https:\/\/schema.org","@graph":[{"@type":"WebPage","@id":"https:\/\/2.musictravels.pl\/ornamental-farm-bukowiec\/","url":"https:\/\/2.musictravels.pl\/ornamental-farm-bukowiec\/","name":"Ornamental Farm Bukowiec - MusicTravels","isPartOf":{"@id":"https:\/\/2.musictravels.pl\/#website"},"datePublished":"2023-12-05T08:47:32+00:00","dateModified":"2023-12-25T13:08:19+00:00","breadcrumb":{"@id":"https:\/\/2.musictravels.pl\/ornamental-farm-bukowiec\/#breadcrumb"},"inLanguage":"cs","potentialAction":[{"@type":"ReadAction","target":["https:\/\/2.musictravels.pl\/ornamental-farm-bukowiec\/"]}]},{"@type":"BreadcrumbList","@id":"https:\/\/2.musictravels.pl\/ornamental-farm-bukowiec\/#breadcrumb","itemListElement":[{"@type":"ListItem","position":1,"name":"Strona g\u0142\u00f3wna","item":"https:\/\/2.musictravels.pl\/"},{"@type":"ListItem","position":2,"name":"Ornamental Farm Bukowiec"}]},{"@type":"WebSite","@id":"https:\/\/2.musictravels.pl\/#website","url":"https:\/\/2.musictravels.pl\/","name":"My Blog","description":"My WordPress Blog","potentialAction":[{"@type":"SearchAction","target":{"@type":"EntryPoint","urlTemplate":"https:\/\/2.musictravels.pl\/?s={search_term_string}"},"query-input":"required name=search_term_string"}],"inLanguage":"cs"}]}},"_links":{"self":[{"href":"https:\/\/2.musictravels.pl\/cs\/wp-json\/wp\/v2\/pages\/1471","targetHints":{"allow":["GET"]}}],"collection":[{"href":"https:\/\/2.musictravels.pl\/cs\/wp-json\/wp\/v2\/pages"}],"about":[{"href":"https:\/\/2.musictravels.pl\/cs\/wp-json\/wp\/v2\/types\/page"}],"author":[{"embeddable":true,"href":"https:\/\/2.musictravels.pl\/cs\/wp-json\/wp\/v2\/users\/1"}],"replies":[{"embeddable":true,"href":"https:\/\/2.musictravels.pl\/cs\/wp-json\/wp\/v2\/comments?post=1471"}],"version-history":[{"count":55,"href":"https:\/\/2.musictravels.pl\/cs\/wp-json\/wp\/v2\/pages\/1471\/revisions"}],"predecessor-version":[{"id":2371,"href":"https:\/\/2.musictravels.pl\/cs\/wp-json\/wp\/v2\/pages\/1471\/revisions\/2371"}],"wp:attachment":[{"href":"https:\/\/2.musictravels.pl\/cs\/wp-json\/wp\/v2\/media?parent=1471"}],"curies":[{"name":"wp","href":"https:\/\/api.w.org\/{rel}","templated":true}]}}