{"id":2592,"date":"2024-01-17T11:58:31","date_gmt":"2024-01-17T11:58:31","guid":{"rendered":"https:\/\/2.musictravels.pl\/?page_id=2592"},"modified":"2024-01-17T12:40:05","modified_gmt":"2024-01-17T12:40:05","slug":"regulamin-hotelu","status":"publish","type":"page","link":"https:\/\/2.musictravels.pl\/cs\/predpisy-hotel\/","title":{"rendered":"Hotelov\u00e9 p\u0159edpisy"},"content":{"rendered":"<div data-elementor-type=\"wp-page\" data-elementor-id=\"2592\" class=\"elementor elementor-2592\">\n\t\t\t\t\t\t<div class=\"elementor-inner\">\n\t\t\t\t<div class=\"elementor-section-wrap\">\n\t\t\t\t\t\t\t\t\t<section class=\"elementor-section elementor-top-section elementor-element elementor-element-027b947 elementor-section-full_width elementor-section-height-default elementor-section-height-default row-top\" data-id=\"027b947\" data-element_type=\"section\">\n\t\t\t\t\t\t<div class=\"elementor-container elementor-column-gap-default\">\n\t\t\t\t\t\t\t<div class=\"elementor-row\">\n\t\t\t\t\t<div class=\"elementor-column elementor-col-100 elementor-top-column elementor-element elementor-element-d0bf791\" data-id=\"d0bf791\" data-element_type=\"column\">\n\t\t\t<div class=\"elementor-column-wrap elementor-element-populated\">\n\t\t\t\t\t\t\t<div class=\"elementor-widget-wrap\">\n\t\t\t\t\t\t<section class=\"elementor-section elementor-inner-section elementor-element elementor-element-01bc3a9 elementor-section-boxed elementor-section-height-default elementor-section-height-default row-top\" data-id=\"01bc3a9\" data-element_type=\"section\">\n\t\t\t\t\t\t<div class=\"elementor-container elementor-column-gap-default\">\n\t\t\t\t\t\t\t<div class=\"elementor-row\">\n\t\t\t\t\t<div class=\"elementor-column elementor-col-100 elementor-inner-column elementor-element elementor-element-639c088\" data-id=\"639c088\" data-element_type=\"column\">\n\t\t\t<div class=\"elementor-column-wrap elementor-element-populated\">\n\t\t\t\t\t\t\t<div class=\"elementor-widget-wrap\">\n\t\t\t\t\t\t<div class=\"elementor-element elementor-element-7938ee5 elementor-widget elementor-widget-gva-heading-block\" data-id=\"7938ee5\" data-element_type=\"widget\" data-widget_type=\"gva-heading-block.default\">\n\t\t\t\t<div class=\"elementor-widget-container\">\n\t\t\t<div class=\"gva-element-gva-heading-block gva-element\">   <div class=\"align-center style-1 widget gsc-heading box-align-center auto-responsive\">\r\n      <div class=\"content-inner\">\r\n         \r\n                  \r\n           \r\n         \r\n                     <h2 class=\"title\">\r\n               <span>Provozn\u00ed \u0159\u00e1d hotelu Wojan\u00f3w Palace<\/span>\r\n            <\/h2>\r\n                  \r\n         \r\n      <\/div>\r\n   <\/div>\r\n<\/div>\t\t<\/div>\n\t\t\t\t<\/div>\n\t\t\t\t<div class=\"elementor-element elementor-element-a5e6c8c elementor-widget elementor-widget-text-editor\" data-id=\"a5e6c8c\" data-element_type=\"widget\" data-widget_type=\"text-editor.default\">\n\t\t\t\t<div class=\"elementor-widget-container\">\n\t\t\t<style>\/*! elementor - v3.16.0 - 17-10-2023 *\/\n.elementor-widget-text-editor.elementor-drop-cap-view-stacked .elementor-drop-cap{background-color:#69727d;color:#fff}.elementor-widget-text-editor.elementor-drop-cap-view-framed .elementor-drop-cap{color:#69727d;border:3px solid;background-color:transparent}.elementor-widget-text-editor:not(.elementor-drop-cap-view-default) .elementor-drop-cap{margin-top:8px}.elementor-widget-text-editor:not(.elementor-drop-cap-view-default) .elementor-drop-cap-letter{width:1em;height:1em}.elementor-widget-text-editor .elementor-drop-cap{float:left;text-align:center;line-height:1;font-size:50px}.elementor-widget-text-editor .elementor-drop-cap-letter{display:inline-block}<\/style>\t\t\t\t\t<div class=\"elementor-text-editor elementor-clearfix\">\n\t\t\t\t<p>C\u00edlem t\u011bchto pravidel a p\u0159edpis\u016f je zajistit klid a bezpe\u010dnost va\u0161eho pobytu v na\u0161em pal\u00e1ci.<\/p><ol><li>Pokoj v hotelu se pronaj\u00edm\u00e1 na den.<\/li><li>Check-in prob\u00edh\u00e1 od 14:00 do 11:00.<\/li><li>Pokud host p\u0159i pron\u00e1jmu pokoje neuvede d\u00e9lku pobytu, p\u0159edpokl\u00e1d\u00e1 se, \u017ee si pokoj pronajal na jednu noc.<\/li><li>Jak\u00e9koli p\u0159\u00e1n\u00ed prodlou\u017eit pobyt nad dobu uvedenou v den p\u0159\u00edjezdu by m\u011bl hotelov\u00fd host ozn\u00e1mit na recepci do 10:00 hodin v den, kdy kon\u010d\u00ed doba pron\u00e1jmu pokoje.<\/li><li>Hotel bere v \u00favahu \u017e\u00e1dosti o prodlou\u017een\u00ed pobytu, jak jen to bude mo\u017en\u00e9.<\/li><li>Hotel poskytuje slu\u017eby odpov\u00eddaj\u00edc\u00ed jeho standardu. Pokud m\u00e1te jak\u00e9koli pochybnosti o kvalit\u011b slu\u017eeb, nahlaste je pros\u00edm co nejd\u0159\u00edve na recepci, abychom mohli okam\u017eit\u011b reagovat.<\/li><li>Hotel je povinen poskytnout:<\/li><\/ol><ul><li>podm\u00ednky pro naprost\u00fd a neru\u0161en\u00fd odpo\u010dinek host\u016f,<\/li><li>bezpe\u010dnost pobytu, v\u010detn\u011b zachov\u00e1n\u00ed d\u016fv\u011brnosti informac\u00ed o hostech,<\/li><li>profesion\u00e1ln\u00ed a zdvo\u0159il\u00e9 slu\u017eby,<\/li><li>ukl\u00edzet pokoj a prov\u00e1d\u011bt nezbytn\u00e9 opravy za\u0159\u00edzen\u00ed v nep\u0159\u00edtomnosti hosta, a to pouze v p\u0159\u00edpad\u011b, \u017ee s t\u00edm host souhlas\u00ed a p\u0159eje si b\u00fdt p\u0159\u00edtomen,<\/li><li>pokud je to mo\u017en\u00e9, nab\u00eddnout jin\u00fd pokoj nebo jinak zm\u00edrnit nep\u0159\u00edjemnosti, pokud nelze z\u00e1vady v pokoji odstranit.<\/li><\/ul><ol start=\"8\"><li>Na p\u0159\u00e1n\u00ed host\u016f poskytuje hotel zdarma n\u00e1sleduj\u00edc\u00ed slu\u017eby:<\/li><\/ol><ul><li>poskytov\u00e1n\u00ed informac\u00ed t\u00fdkaj\u00edc\u00edch se pobytu a cestov\u00e1n\u00ed,<\/li><li>bud\u00ed\u010dek ve stanoven\u00fd \u010das,<\/li><li>\u00faschova pen\u011bz a cennost\u00ed b\u011bhem pobytu v hotelu,<\/li><li>\u00faschova zavazadel host\u016f ubytovan\u00fdch v hotelu.<\/li><li>pron\u00e1jem vani\u010dky a plo\u0161iny pro d\u011btsk\u00e9 umyvadlo\u00a0<\/li><\/ul><ol start=\"9\"><li>Odpov\u011bdnost hotelu za ztr\u00e1tu nebo po\u0161kozen\u00ed pen\u011bz, cenn\u00fdch pap\u00edr\u016f, cennost\u00ed nebo p\u0159edm\u011bt\u016f v\u011bdeck\u00e9 \u010di um\u011bleck\u00e9 hodnoty je omezena, pokud tyto p\u0159edm\u011bty nejsou ulo\u017eeny na recepci.<\/li><li>Hotel neodpov\u00edd\u00e1 za po\u0161kozen\u00ed nebo ztr\u00e1tu automobilu nebo jin\u00e9ho vozidla pat\u0159\u00edc\u00edho hostovi.<\/li><li>Hotelov\u00fd host nese hmotnou odpov\u011bdnost za po\u0161kozen\u00ed nebo zni\u010den\u00ed vybaven\u00ed a technick\u00e9ho za\u0159\u00edzen\u00ed hotelu zp\u016fsoben\u00e9 hostem nebo jeho n\u00e1v\u0161t\u011bvn\u00edky.<\/li><li>P\u0159i ka\u017ed\u00e9m odchodu z pokoje by m\u011bl host zkontrolovat z\u00e1mek dve\u0159\u00ed a zanechat kl\u00ed\u010d na recepci.<\/li><li>Hotelov\u00fd host nesm\u00ed p\u0159enechat pokoj t\u0159et\u00ed osob\u011b, a to ani v p\u0159\u00edpad\u011b, \u017ee neuplynula doba, na kterou byl poplatek zaplacen.<\/li><li>Hotel m\u016f\u017ee odm\u00edtnout ubytovat hosta, kter\u00fd b\u011bhem p\u0159edchoz\u00edho pobytu hrub\u011b poru\u0161il hotelov\u00fd \u0159\u00e1d, nebo po\u017e\u00e1dat o opu\u0161t\u011bn\u00ed hotelu hosta, kter\u00fd zp\u016fsobil \u0161kodu host\u016fm nebo zam\u011bstnanc\u016fm hotelu nebo naru\u0161il provoz za\u0159\u00edzen\u00ed.<\/li><li>Osoby, kter\u00e9 nejsou v hotelu ubytov\u00e1ny, mohou z\u016fstat v hotelov\u00e9m pokoji od 7:00 do 22:00.<\/li><li>V hotelu plat\u00ed z\u00e1kaz vych\u00e1zen\u00ed od 22:00 do 7:00. Hotel si vyhrazuje pr\u00e1vo po\u0159\u00e1dat p\u0159\u00edle\u017eitostn\u00e9 no\u010dn\u00ed akce, kter\u00e9 mohou toto pravidlo poru\u0161ovat.<\/li><li>Chov\u00e1n\u00ed host\u016f a osob vyu\u017e\u00edvaj\u00edc\u00edch slu\u017eeb hotelu by nem\u011blo naru\u0161ovat klidn\u00fd pobyt ostatn\u00edch host\u016f. Hotel m\u016f\u017ee odm\u00edtnout poskytnut\u00ed dal\u0161\u00edch slu\u017eeb a ulo\u017eit finan\u010dn\u00ed pokutu osob\u011b, kter\u00e1 toto pravidlo poru\u0161\u00ed.<\/li><li>Osobn\u00ed v\u011bci zanechan\u00e9 odj\u00ed\u017ed\u011bj\u00edc\u00edm hostem v hotelov\u00e9m pokoji mohou b\u00fdt vr\u00e1ceny na adresu uvedenou hostem na jeho n\u00e1klady. Pokud tyto pokyny neobdr\u017e\u00ed, hotel tyto v\u011bci uskladn\u00ed po dobu 3 m\u011bs\u00edc\u016f.<\/li><li>V\u0161ichni host\u00e9 jsou povinni dodr\u017eovat z\u00e1kony platn\u00e9 v Polsk\u00e9 republice. Do are\u00e1lu je zak\u00e1z\u00e1no vn\u00e1\u0161et st\u0159eln\u00e9 zbran\u011b (s v\u00fdjimkou host\u016f s p\u0159\u00edslu\u0161n\u00fdm povolen\u00edm), nebezpe\u010dn\u00e9 n\u00e1stroje a pou\u017e\u00edvat nebo d\u00e1le prod\u00e1vat omamn\u00e9 l\u00e1tky jak\u00e9hokoli druhu.<\/li><li>Vzhledem k historick\u00e9mu charakteru pal\u00e1ce a po\u017e\u00e1rn\u00ed bezpe\u010dnosti je ve v\u0161ech prostor\u00e1ch hotelu p\u0159\u00edsn\u011b zak\u00e1z\u00e1no kou\u0159it a pou\u017e\u00edvat tab\u00e1kov\u00e9 v\u00fdrobky pod pokutou 800 PLN.\u00a0 \u00a0 \u00a0 \u00a0 \u00a0 \u00a0 \u00a0 \u00a0 \u00a0 \u00a0 \u00a0 \u00a0 \u00a0 \u00a0 \u00a0 \u00a0 \u00a0 \u00a0 \u00a0 \u00a0\u00a0<\/li><\/ol><p><strong>\u00a0\u00a0\u00a0\u00a0\u00a0\u00a0Spr\u00e1va pal\u00e1ce Wojan\u00f3w<\/strong><\/p><p><strong>\u00a0\u00a0\u00a0\u00a0\u00a0\u00a0<\/strong>Wojan\u00f3w 8 58-508 Jelenia G\u00f3ra<\/p><p>\u00a0\u00a0\u00a0\u00a0\u00a0\u00a0\u00a0<strong>RECEPTION<\/strong>\u00a0\u00a0\u00a0Tel:\u00a0<a href=\"tel: 48757545300\">+48 75 754 5300<\/a><\/p>\t\t\t\t\t<\/div>\n\t\t\t\t\t\t<\/div>\n\t\t\t\t<\/div>\n\t\t\t\t\t\t<\/div>\n\t\t\t\t\t<\/div>\n\t\t<\/div>\n\t\t\t\t\t\t\t\t<\/div>\n\t\t\t\t\t<\/div>\n\t\t<\/section>\n\t\t\t\t\t\t<\/div>\n\t\t\t\t\t<\/div>\n\t\t<\/div>\n\t\t\t\t\t\t\t\t<\/div>\n\t\t\t\t\t<\/div>\n\t\t<\/section>\n\t\t\t\t\t\t\t\t\t<\/div>\n\t\t\t<\/div>\n\t\t\t\t\t<\/div>","protected":false},"excerpt":{"rendered":"<p>Regulamin hotelu Pa\u0142acu Wojan\u00f3w Niniejszy regulamin ma s\u0142u\u017cy\u0107 zapewnieniu spokoju i bezpiecze\u0144stwa Pa\u0144stwa pobytu w naszym Pa\u0142acu. Pok\u00f3j w hotelu wynajmowany jest na doby. Doba hotelowa trwa od godziny 14:00 do godziny 11:00. Je\u015bli go\u015b\u0107 nie okre\u015bli\u0142 czasu pobytu najmuj\u0105c pok\u00f3j przyjmuje si\u0119, \u017ce pok\u00f3j zosta\u0142 wynaj\u0119ty na jedn\u0105 dob\u0119. \u017byczenie przed\u0142u\u017cenia pobytu poza okres [&hellip;]<\/p>","protected":false},"author":1,"featured_media":0,"parent":0,"menu_order":0,"comment_status":"closed","ping_status":"closed","template":"","meta":{"_monsterinsights_skip_tracking":false,"_monsterinsights_sitenote_active":false,"_monsterinsights_sitenote_note":"","_monsterinsights_sitenote_category":0,"footnotes":""},"class_list":["post-2592","page","type-page","status-publish","hentry"],"yoast_head":"<!-- This site is optimized with the Yoast SEO plugin v21.4 - https:\/\/yoast.com\/wordpress\/plugins\/seo\/ -->\n<title>Regulamin Hotelu - MusicTravels<\/title>\n<meta name=\"robots\" content=\"index, follow, max-snippet:-1, max-image-preview:large, max-video-preview:-1\" \/>\n<link rel=\"canonical\" href=\"https:\/\/2.musictravels.pl\/cs\/predpisy-hotel\/\" \/>\n<meta property=\"og:locale\" content=\"cs_CZ\" \/>\n<meta property=\"og:type\" content=\"article\" \/>\n<meta property=\"og:title\" content=\"Regulamin Hotelu - MusicTravels\" \/>\n<meta property=\"og:description\" content=\"Regulamin hotelu Pa\u0142acu Wojan\u00f3w Niniejszy regulamin ma s\u0142u\u017cy\u0107 zapewnieniu spokoju i bezpiecze\u0144stwa Pa\u0144stwa pobytu w naszym Pa\u0142acu. Pok\u00f3j w hotelu wynajmowany jest na doby. Doba hotelowa trwa od godziny 14:00 do godziny 11:00. Je\u015bli go\u015b\u0107 nie okre\u015bli\u0142 czasu pobytu najmuj\u0105c pok\u00f3j przyjmuje si\u0119, \u017ce pok\u00f3j zosta\u0142 wynaj\u0119ty na jedn\u0105 dob\u0119. \u017byczenie przed\u0142u\u017cenia pobytu poza okres [&hellip;]\" \/>\n<meta property=\"og:url\" content=\"https:\/\/2.musictravels.pl\/cs\/predpisy-hotel\/\" \/>\n<meta property=\"og:site_name\" content=\"My Blog\" \/>\n<meta property=\"article:modified_time\" content=\"2024-01-17T12:40:05+00:00\" \/>\n<meta name=\"twitter:card\" content=\"summary_large_image\" \/>\n<meta name=\"twitter:label1\" content=\"Odhadovan\u00e1 doba \u010dten\u00ed\" \/>\n\t<meta name=\"twitter:data1\" content=\"4 minuty\" \/>\n<script type=\"application\/ld+json\" class=\"yoast-schema-graph\">{\"@context\":\"https:\/\/schema.org\",\"@graph\":[{\"@type\":\"WebPage\",\"@id\":\"https:\/\/2.musictravels.pl\/regulamin-hotelu\/\",\"url\":\"https:\/\/2.musictravels.pl\/regulamin-hotelu\/\",\"name\":\"Regulamin Hotelu - MusicTravels\",\"isPartOf\":{\"@id\":\"https:\/\/2.musictravels.pl\/#website\"},\"datePublished\":\"2024-01-17T11:58:31+00:00\",\"dateModified\":\"2024-01-17T12:40:05+00:00\",\"breadcrumb\":{\"@id\":\"https:\/\/2.musictravels.pl\/regulamin-hotelu\/#breadcrumb\"},\"inLanguage\":\"cs\",\"potentialAction\":[{\"@type\":\"ReadAction\",\"target\":[\"https:\/\/2.musictravels.pl\/regulamin-hotelu\/\"]}]},{\"@type\":\"BreadcrumbList\",\"@id\":\"https:\/\/2.musictravels.pl\/regulamin-hotelu\/#breadcrumb\",\"itemListElement\":[{\"@type\":\"ListItem\",\"position\":1,\"name\":\"Strona g\u0142\u00f3wna\",\"item\":\"https:\/\/2.musictravels.pl\/\"},{\"@type\":\"ListItem\",\"position\":2,\"name\":\"Regulamin Hotelu\"}]},{\"@type\":\"WebSite\",\"@id\":\"https:\/\/2.musictravels.pl\/#website\",\"url\":\"https:\/\/2.musictravels.pl\/\",\"name\":\"My Blog\",\"description\":\"My WordPress Blog\",\"potentialAction\":[{\"@type\":\"SearchAction\",\"target\":{\"@type\":\"EntryPoint\",\"urlTemplate\":\"https:\/\/2.musictravels.pl\/?s={search_term_string}\"},\"query-input\":\"required name=search_term_string\"}],\"inLanguage\":\"cs\"}]}<\/script>\n<!-- \/ Yoast SEO plugin. -->","yoast_head_json":{"title":"Regulamin Hotelu - MusicTravels","robots":{"index":"index","follow":"follow","max-snippet":"max-snippet:-1","max-image-preview":"max-image-preview:large","max-video-preview":"max-video-preview:-1"},"canonical":"https:\/\/2.musictravels.pl\/cs\/predpisy-hotel\/","og_locale":"cs_CZ","og_type":"article","og_title":"Regulamin Hotelu - MusicTravels","og_description":"Regulamin hotelu Pa\u0142acu Wojan\u00f3w Niniejszy regulamin ma s\u0142u\u017cy\u0107 zapewnieniu spokoju i bezpiecze\u0144stwa Pa\u0144stwa pobytu w naszym Pa\u0142acu. Pok\u00f3j w hotelu wynajmowany jest na doby. Doba hotelowa trwa od godziny 14:00 do godziny 11:00. Je\u015bli go\u015b\u0107 nie okre\u015bli\u0142 czasu pobytu najmuj\u0105c pok\u00f3j przyjmuje si\u0119, \u017ce pok\u00f3j zosta\u0142 wynaj\u0119ty na jedn\u0105 dob\u0119. \u017byczenie przed\u0142u\u017cenia pobytu poza okres [&hellip;]","og_url":"https:\/\/2.musictravels.pl\/cs\/predpisy-hotel\/","og_site_name":"My Blog","article_modified_time":"2024-01-17T12:40:05+00:00","twitter_card":"summary_large_image","twitter_misc":{"Odhadovan\u00e1 doba \u010dten\u00ed":"4 minuty"},"schema":{"@context":"https:\/\/schema.org","@graph":[{"@type":"WebPage","@id":"https:\/\/2.musictravels.pl\/regulamin-hotelu\/","url":"https:\/\/2.musictravels.pl\/regulamin-hotelu\/","name":"Regulamin Hotelu - MusicTravels","isPartOf":{"@id":"https:\/\/2.musictravels.pl\/#website"},"datePublished":"2024-01-17T11:58:31+00:00","dateModified":"2024-01-17T12:40:05+00:00","breadcrumb":{"@id":"https:\/\/2.musictravels.pl\/regulamin-hotelu\/#breadcrumb"},"inLanguage":"cs","potentialAction":[{"@type":"ReadAction","target":["https:\/\/2.musictravels.pl\/regulamin-hotelu\/"]}]},{"@type":"BreadcrumbList","@id":"https:\/\/2.musictravels.pl\/regulamin-hotelu\/#breadcrumb","itemListElement":[{"@type":"ListItem","position":1,"name":"Strona g\u0142\u00f3wna","item":"https:\/\/2.musictravels.pl\/"},{"@type":"ListItem","position":2,"name":"Regulamin Hotelu"}]},{"@type":"WebSite","@id":"https:\/\/2.musictravels.pl\/#website","url":"https:\/\/2.musictravels.pl\/","name":"My Blog","description":"My WordPress Blog","potentialAction":[{"@type":"SearchAction","target":{"@type":"EntryPoint","urlTemplate":"https:\/\/2.musictravels.pl\/?s={search_term_string}"},"query-input":"required name=search_term_string"}],"inLanguage":"cs"}]}},"_links":{"self":[{"href":"https:\/\/2.musictravels.pl\/cs\/wp-json\/wp\/v2\/pages\/2592","targetHints":{"allow":["GET"]}}],"collection":[{"href":"https:\/\/2.musictravels.pl\/cs\/wp-json\/wp\/v2\/pages"}],"about":[{"href":"https:\/\/2.musictravels.pl\/cs\/wp-json\/wp\/v2\/types\/page"}],"author":[{"embeddable":true,"href":"https:\/\/2.musictravels.pl\/cs\/wp-json\/wp\/v2\/users\/1"}],"replies":[{"embeddable":true,"href":"https:\/\/2.musictravels.pl\/cs\/wp-json\/wp\/v2\/comments?post=2592"}],"version-history":[{"count":10,"href":"https:\/\/2.musictravels.pl\/cs\/wp-json\/wp\/v2\/pages\/2592\/revisions"}],"predecessor-version":[{"id":2638,"href":"https:\/\/2.musictravels.pl\/cs\/wp-json\/wp\/v2\/pages\/2592\/revisions\/2638"}],"wp:attachment":[{"href":"https:\/\/2.musictravels.pl\/cs\/wp-json\/wp\/v2\/media?parent=2592"}],"curies":[{"name":"wp","href":"https:\/\/api.w.org\/{rel}","templated":true}]}}