{"id":1993,"date":"2023-12-23T06:29:16","date_gmt":"2023-12-23T06:29:16","guid":{"rendered":"https:\/\/2.musictravels.pl\/?page_id=1993"},"modified":"2023-12-26T20:16:21","modified_gmt":"2023-12-26T20:16:21","slug":"regulamin","status":"publish","type":"page","link":"https:\/\/2.musictravels.pl\/de\/vorschriften\/","title":{"rendered":"Verordnungen"},"content":{"rendered":"<div data-elementor-type=\"wp-page\" data-elementor-id=\"1993\" class=\"elementor elementor-1993\">\n\t\t\t\t\t\t<div class=\"elementor-inner\">\n\t\t\t\t<div class=\"elementor-section-wrap\">\n\t\t\t\t\t\t\t\t\t<section class=\"elementor-section elementor-top-section elementor-element elementor-element-027b947 elementor-section-full_width elementor-section-height-default elementor-section-height-default row-top\" data-id=\"027b947\" data-element_type=\"section\">\n\t\t\t\t\t\t<div class=\"elementor-container elementor-column-gap-default\">\n\t\t\t\t\t\t\t<div class=\"elementor-row\">\n\t\t\t\t\t<div class=\"elementor-column elementor-col-100 elementor-top-column elementor-element elementor-element-d0bf791\" data-id=\"d0bf791\" data-element_type=\"column\">\n\t\t\t<div class=\"elementor-column-wrap elementor-element-populated\">\n\t\t\t\t\t\t\t<div class=\"elementor-widget-wrap\">\n\t\t\t\t\t\t<section class=\"elementor-section elementor-inner-section elementor-element elementor-element-01bc3a9 elementor-section-boxed elementor-section-height-default elementor-section-height-default row-top\" data-id=\"01bc3a9\" data-element_type=\"section\">\n\t\t\t\t\t\t<div class=\"elementor-container elementor-column-gap-default\">\n\t\t\t\t\t\t\t<div class=\"elementor-row\">\n\t\t\t\t\t<div class=\"elementor-column elementor-col-100 elementor-inner-column elementor-element elementor-element-639c088\" data-id=\"639c088\" data-element_type=\"column\">\n\t\t\t<div class=\"elementor-column-wrap elementor-element-populated\">\n\t\t\t\t\t\t\t<div class=\"elementor-widget-wrap\">\n\t\t\t\t\t\t<div class=\"elementor-element elementor-element-7938ee5 elementor-widget elementor-widget-gva-heading-block\" data-id=\"7938ee5\" data-element_type=\"widget\" data-widget_type=\"gva-heading-block.default\">\n\t\t\t\t<div class=\"elementor-widget-container\">\n\t\t\t<div class=\"gva-element-gva-heading-block gva-element\">   <div class=\"align-center style-1 widget gsc-heading box-align-center auto-responsive\">\r\n      <div class=\"content-inner\">\r\n         \r\n                  \r\n           \r\n         \r\n                     <h2 class=\"title\">\r\n               <span>Allgemeine Gesch\u00e4ftsbedingungen f\u00fcr die Buchung von Reisen f\u00fcr Reiseb\u00fcros <\/span>\r\n            <\/h2>\r\n                  \r\n         \r\n      <\/div>\r\n   <\/div>\r\n<\/div>\t\t<\/div>\n\t\t\t\t<\/div>\n\t\t\t\t<div class=\"elementor-element elementor-element-a5e6c8c elementor-widget elementor-widget-text-editor\" data-id=\"a5e6c8c\" data-element_type=\"widget\" data-widget_type=\"text-editor.default\">\n\t\t\t\t<div class=\"elementor-widget-container\">\n\t\t\t<style>\/*! elementor - v3.16.0 - 17-10-2023 *\/\n.elementor-widget-text-editor.elementor-drop-cap-view-stacked .elementor-drop-cap{background-color:#69727d;color:#fff}.elementor-widget-text-editor.elementor-drop-cap-view-framed .elementor-drop-cap{color:#69727d;border:3px solid;background-color:transparent}.elementor-widget-text-editor:not(.elementor-drop-cap-view-default) .elementor-drop-cap{margin-top:8px}.elementor-widget-text-editor:not(.elementor-drop-cap-view-default) .elementor-drop-cap-letter{width:1em;height:1em}.elementor-widget-text-editor .elementor-drop-cap{float:left;text-align:center;line-height:1;font-size:50px}.elementor-widget-text-editor .elementor-drop-cap-letter{display:inline-block}<\/style>\t\t\t\t\t<div class=\"elementor-text-editor elementor-clearfix\">\n\t\t\t\t<p style=\"text-align: center;\"><strong>1 Allgemeine Bestimmungen:<\/strong><\/p><p>1.1 Das vorliegende Reglement regelt die Reservierung von Pl\u00e4tzen f\u00fcr die vom Fremdenverkehrsamt angebotenen 5-Tage-Reisen.<\/p><p>1.2 Buchungen sind nur f\u00fcr andere Reisevermittler m\u00f6glich, die sich bei der Tourismuszentrale registriert haben und von dieser zugelassen wurden.<\/p><p style=\"text-align: center;\"><strong>2 Buchungsverfahren:<\/strong><\/p><p>2.1 Das Reiseb\u00fcro, das an der Teilnahme an der Reise interessiert ist, verpflichtet sich, das auf der Website des Fremdenverkehrsamtes verf\u00fcgbare Buchungsformular auszuf\u00fcllen.<\/p><p>2.2 Im Buchungsformular m\u00fcssen Sie alle erforderlichen Angaben machen, einschlie\u00dflich Kontaktdaten, Anzahl der Personen, Unterkunftsw\u00fcnsche usw.<\/p><p>2.3 Nach Absenden des Formulars erh\u00e4lt das Reiseb\u00fcro eine Buchungsbest\u00e4tigung an die angegebene E-Mail-Adresse.<\/p><p style=\"text-align: center;\"><strong>3 Zahlungen:<\/strong><\/p><p>3.1 Mit der Buchungsbest\u00e4tigung verpflichtet sich der Reisevermittler, innerhalb der vereinbarten Frist und gem\u00e4\u00df den Angaben in der Buchungsbest\u00e4tigung eine Vorauszahlung zu leisten.<\/p><p>3.2 Bei nicht fristgerechter Zahlung beh\u00e4lt sich die Tourismusagentur das Recht vor, die Buchung zu stornieren.<\/p><p style=\"text-align: center;\"><strong>4 Stornierungs- und Erstattungsbedingungen:<\/strong><\/p><p>4.1 Das Reiseb\u00fcro kann eine Buchung bis zu einem bestimmten, in der Buchungsbest\u00e4tigung angegebenen Datum ohne zus\u00e4tzliche Kosten stornieren.<\/p><p>4.2 Im Falle einer Stornierung nach der angegebenen Frist kann das Fremdenverkehrsamt eine Stornogeb\u00fchr gem\u00e4\u00df den vereinbarten Tarifen erheben.<\/p><p>4.3 Im Falle einer Stornierung aufgrund unvorhergesehener Umst\u00e4nde wie h\u00f6herer Gewalt beh\u00e4lt sich das Fremdenverkehrsamt das Recht vor, die Stornierungsbedingungen zu \u00e4ndern.<\/p><p style=\"text-align: center;\"><strong>5 \u00c4nderungen am Exkursionsprogramm:<\/strong><\/p><p>5.1 Das Fremdenverkehrsamt beh\u00e4lt sich das Recht vor, aus Gr\u00fcnden, die au\u00dferhalb seines Einflussbereichs liegen, \u00c4nderungen am Reiseprogramm vorzunehmen.<\/p><p>5.2 Das Reiseb\u00fcro wird so schnell wie m\u00f6glich \u00fcber etwaige \u00c4nderungen des Programms informiert.<\/p><p style=\"text-align: center;\"><strong>6 Rechenschaftspflicht:<\/strong><\/p><p>6.1 Das Fremdenverkehrsamt haftet nicht f\u00fcr Sch\u00e4den oder Verlust von Eigentum der Reiseteilnehmer.<\/p><p>6.2 Der Reiseveranstalter verpflichtet sich, alle Vorschriften und Regeln der Orte, die w\u00e4hrend der Reise besucht werden, einzuhalten.<\/p><p style=\"text-align: center;\"><strong>7 Schlussbestimmungen:<\/strong><\/p><p>7.1 Das vorliegende Reglement tritt mit der Ver\u00f6ffentlichung auf der Website des Fremdenverkehrsamtes in Kraft.<\/p><p>7.2 Die Tourismusstelle beh\u00e4lt sich das Recht vor, die Bestimmungen jederzeit zu \u00e4ndern, indem sie die Reiseb\u00fcros per E-Mail informiert.<\/p><p>7.3 Im Falle von Streitigkeiten verpflichten sich die Parteien, diese auf dem Verhandlungsweg beizulegen. Im Falle von Meinungsverschiedenheiten werden die Streitigkeiten von den zust\u00e4ndigen Gerichten beigelegt.<\/p><p>Bitte lesen Sie die allgemeinen Gesch\u00e4ftsbedingungen sorgf\u00e4ltig durch, bevor Sie eine Buchung vornehmen.<\/p>\t\t\t\t\t<\/div>\n\t\t\t\t\t\t<\/div>\n\t\t\t\t<\/div>\n\t\t\t\t\t\t<\/div>\n\t\t\t\t\t<\/div>\n\t\t<\/div>\n\t\t\t\t\t\t\t\t<\/div>\n\t\t\t\t\t<\/div>\n\t\t<\/section>\n\t\t\t\t\t\t<\/div>\n\t\t\t\t\t<\/div>\n\t\t<\/div>\n\t\t\t\t\t\t\t\t<\/div>\n\t\t\t\t\t<\/div>\n\t\t<\/section>\n\t\t\t\t\t\t\t\t\t<\/div>\n\t\t\t<\/div>\n\t\t\t\t\t<\/div>","protected":false},"excerpt":{"rendered":"<p>Regulamin Rezerwacji Wycieczek dla Biur Podr\u00f3\u017cy 1. Postanowienia og\u00f3lne: 1.1 Niniejszy regulamin okre\u015bla zasady rezerwacji miejsc w 5-dniowych wycieczkach oferowanych przez Agencj\u0119 Turystyczn\u0105. 1.2 Rezerwacje s\u0105 mo\u017cliwe wy\u0142\u0105cznie dla innych biur podr\u00f3\u017cy, kt\u00f3re zarejestrowa\u0142y si\u0119 i uzyska\u0142y akceptacj\u0119 Agencji Turystycznej. 2. Procedura Rezerwacji: 2.1 Biuro podr\u00f3\u017cy zainteresowane uczestnictwem w wycieczce zobowi\u0105zuje si\u0119 wype\u0142ni\u0107 formularz rezerwacyjny [&hellip;]<\/p>","protected":false},"author":1,"featured_media":0,"parent":0,"menu_order":0,"comment_status":"closed","ping_status":"closed","template":"","meta":{"_monsterinsights_skip_tracking":false,"_monsterinsights_sitenote_active":false,"_monsterinsights_sitenote_note":"","_monsterinsights_sitenote_category":0,"footnotes":""},"class_list":["post-1993","page","type-page","status-publish","hentry"],"yoast_head":"<!-- This site is optimized with the Yoast SEO plugin v21.4 - https:\/\/yoast.com\/wordpress\/plugins\/seo\/ -->\n<title>Regulamin - My Blog<\/title>\n<meta name=\"robots\" content=\"index, follow, max-snippet:-1, max-image-preview:large, max-video-preview:-1\" \/>\n<link rel=\"canonical\" href=\"https:\/\/2.musictravels.pl\/de\/vorschriften\/\" \/>\n<meta property=\"og:locale\" content=\"de_DE\" \/>\n<meta property=\"og:type\" content=\"article\" \/>\n<meta property=\"og:title\" content=\"Regulamin - My Blog\" \/>\n<meta property=\"og:description\" content=\"Regulamin Rezerwacji Wycieczek dla Biur Podr\u00f3\u017cy 1. Postanowienia og\u00f3lne: 1.1 Niniejszy regulamin okre\u015bla zasady rezerwacji miejsc w 5-dniowych wycieczkach oferowanych przez Agencj\u0119 Turystyczn\u0105. 1.2 Rezerwacje s\u0105 mo\u017cliwe wy\u0142\u0105cznie dla innych biur podr\u00f3\u017cy, kt\u00f3re zarejestrowa\u0142y si\u0119 i uzyska\u0142y akceptacj\u0119 Agencji Turystycznej. 2. Procedura Rezerwacji: 2.1 Biuro podr\u00f3\u017cy zainteresowane uczestnictwem w wycieczce zobowi\u0105zuje si\u0119 wype\u0142ni\u0107 formularz rezerwacyjny [&hellip;]\" \/>\n<meta property=\"og:url\" content=\"https:\/\/2.musictravels.pl\/de\/vorschriften\/\" \/>\n<meta property=\"og:site_name\" content=\"My Blog\" \/>\n<meta property=\"article:modified_time\" content=\"2023-12-26T20:16:21+00:00\" \/>\n<meta name=\"twitter:card\" content=\"summary_large_image\" \/>\n<meta name=\"twitter:label1\" content=\"Gesch\u00e4tzte Lesezeit\" \/>\n\t<meta name=\"twitter:data1\" content=\"3\u00a0Minuten\" \/>\n<script type=\"application\/ld+json\" class=\"yoast-schema-graph\">{\"@context\":\"https:\/\/schema.org\",\"@graph\":[{\"@type\":\"WebPage\",\"@id\":\"https:\/\/2.musictravels.pl\/regulamin\/\",\"url\":\"https:\/\/2.musictravels.pl\/regulamin\/\",\"name\":\"Regulamin - My Blog\",\"isPartOf\":{\"@id\":\"https:\/\/2.musictravels.pl\/#website\"},\"datePublished\":\"2023-12-23T06:29:16+00:00\",\"dateModified\":\"2023-12-26T20:16:21+00:00\",\"breadcrumb\":{\"@id\":\"https:\/\/2.musictravels.pl\/regulamin\/#breadcrumb\"},\"inLanguage\":\"de\",\"potentialAction\":[{\"@type\":\"ReadAction\",\"target\":[\"https:\/\/2.musictravels.pl\/regulamin\/\"]}]},{\"@type\":\"BreadcrumbList\",\"@id\":\"https:\/\/2.musictravels.pl\/regulamin\/#breadcrumb\",\"itemListElement\":[{\"@type\":\"ListItem\",\"position\":1,\"name\":\"Strona g\u0142\u00f3wna\",\"item\":\"https:\/\/2.musictravels.pl\/\"},{\"@type\":\"ListItem\",\"position\":2,\"name\":\"Regulamin\"}]},{\"@type\":\"WebSite\",\"@id\":\"https:\/\/2.musictravels.pl\/#website\",\"url\":\"https:\/\/2.musictravels.pl\/\",\"name\":\"My Blog\",\"description\":\"My WordPress Blog\",\"potentialAction\":[{\"@type\":\"SearchAction\",\"target\":{\"@type\":\"EntryPoint\",\"urlTemplate\":\"https:\/\/2.musictravels.pl\/?s={search_term_string}\"},\"query-input\":\"required name=search_term_string\"}],\"inLanguage\":\"de\"}]}<\/script>\n<!-- \/ Yoast SEO plugin. -->","yoast_head_json":{"title":"Regulamin - My Blog","robots":{"index":"index","follow":"follow","max-snippet":"max-snippet:-1","max-image-preview":"max-image-preview:large","max-video-preview":"max-video-preview:-1"},"canonical":"https:\/\/2.musictravels.pl\/de\/vorschriften\/","og_locale":"de_DE","og_type":"article","og_title":"Regulamin - My Blog","og_description":"Regulamin Rezerwacji Wycieczek dla Biur Podr\u00f3\u017cy 1. Postanowienia og\u00f3lne: 1.1 Niniejszy regulamin okre\u015bla zasady rezerwacji miejsc w 5-dniowych wycieczkach oferowanych przez Agencj\u0119 Turystyczn\u0105. 1.2 Rezerwacje s\u0105 mo\u017cliwe wy\u0142\u0105cznie dla innych biur podr\u00f3\u017cy, kt\u00f3re zarejestrowa\u0142y si\u0119 i uzyska\u0142y akceptacj\u0119 Agencji Turystycznej. 2. Procedura Rezerwacji: 2.1 Biuro podr\u00f3\u017cy zainteresowane uczestnictwem w wycieczce zobowi\u0105zuje si\u0119 wype\u0142ni\u0107 formularz rezerwacyjny [&hellip;]","og_url":"https:\/\/2.musictravels.pl\/de\/vorschriften\/","og_site_name":"My Blog","article_modified_time":"2023-12-26T20:16:21+00:00","twitter_card":"summary_large_image","twitter_misc":{"Gesch\u00e4tzte Lesezeit":"3\u00a0Minuten"},"schema":{"@context":"https:\/\/schema.org","@graph":[{"@type":"WebPage","@id":"https:\/\/2.musictravels.pl\/regulamin\/","url":"https:\/\/2.musictravels.pl\/regulamin\/","name":"Regulamin - My Blog","isPartOf":{"@id":"https:\/\/2.musictravels.pl\/#website"},"datePublished":"2023-12-23T06:29:16+00:00","dateModified":"2023-12-26T20:16:21+00:00","breadcrumb":{"@id":"https:\/\/2.musictravels.pl\/regulamin\/#breadcrumb"},"inLanguage":"de","potentialAction":[{"@type":"ReadAction","target":["https:\/\/2.musictravels.pl\/regulamin\/"]}]},{"@type":"BreadcrumbList","@id":"https:\/\/2.musictravels.pl\/regulamin\/#breadcrumb","itemListElement":[{"@type":"ListItem","position":1,"name":"Strona g\u0142\u00f3wna","item":"https:\/\/2.musictravels.pl\/"},{"@type":"ListItem","position":2,"name":"Regulamin"}]},{"@type":"WebSite","@id":"https:\/\/2.musictravels.pl\/#website","url":"https:\/\/2.musictravels.pl\/","name":"My Blog","description":"My WordPress Blog","potentialAction":[{"@type":"SearchAction","target":{"@type":"EntryPoint","urlTemplate":"https:\/\/2.musictravels.pl\/?s={search_term_string}"},"query-input":"required name=search_term_string"}],"inLanguage":"de"}]}},"_links":{"self":[{"href":"https:\/\/2.musictravels.pl\/de\/wp-json\/wp\/v2\/pages\/1993","targetHints":{"allow":["GET"]}}],"collection":[{"href":"https:\/\/2.musictravels.pl\/de\/wp-json\/wp\/v2\/pages"}],"about":[{"href":"https:\/\/2.musictravels.pl\/de\/wp-json\/wp\/v2\/types\/page"}],"author":[{"embeddable":true,"href":"https:\/\/2.musictravels.pl\/de\/wp-json\/wp\/v2\/users\/1"}],"replies":[{"embeddable":true,"href":"https:\/\/2.musictravels.pl\/de\/wp-json\/wp\/v2\/comments?post=1993"}],"version-history":[{"count":13,"href":"https:\/\/2.musictravels.pl\/de\/wp-json\/wp\/v2\/pages\/1993\/revisions"}],"predecessor-version":[{"id":2391,"href":"https:\/\/2.musictravels.pl\/de\/wp-json\/wp\/v2\/pages\/1993\/revisions\/2391"}],"wp:attachment":[{"href":"https:\/\/2.musictravels.pl\/de\/wp-json\/wp\/v2\/media?parent=1993"}],"curies":[{"name":"wp","href":"https:\/\/api.w.org\/{rel}","templated":true}]}}